{"id":1004,"date":"2021-08-17T13:00:39","date_gmt":"2021-08-17T11:00:39","guid":{"rendered":"https:\/\/ppc12.5.umcs.pl\/?page_id=1004"},"modified":"2021-08-17T13:00:41","modified_gmt":"2021-08-17T11:00:41","slug":"registered-participants","status":"publish","type":"page","link":"https:\/\/ppc12.5.umcs.pl\/?page_id=1004","title":{"rendered":"Registered participants"},"content":{"rendered":"\n<table id=\"tablepress-5\" class=\"tablepress tablepress-id-5\">\n<thead>\n<tr class=\"row-1\">\n\t<th class=\"column-1\">First Name<\/th><th class=\"column-2\">Last Name<\/th><th class=\"column-3\">Contribution<\/th>\n<\/tr>\n<\/thead>\n<tbody class=\"row-striping row-hover\">\n<tr class=\"row-2\">\n\t<td class=\"column-1\">Ashraf<\/td><td class=\"column-2\">Alam<\/td><td class=\"column-3\">summary<\/td>\n<\/tr>\n<tr class=\"row-3\">\n\t<td class=\"column-1\">Esam E.<\/td><td class=\"column-2\">Abdel-Hady<\/td><td class=\"column-3\">presentation<\/td>\n<\/tr>\n<tr class=\"row-4\">\n\t<td class=\"column-1\">Przemys\u0142aw<\/td><td class=\"column-2\">Adrich<\/td><td class=\"column-3\">none<\/td>\n<\/tr>\n<tr class=\"row-5\">\n\t<td class=\"column-1\">Ali H<\/td><td class=\"column-2\">Alomari<\/td><td class=\"column-3\">none<\/td>\n<\/tr>\n<tr class=\"row-6\">\n\t<td class=\"column-1\">Somia<\/td><td class=\"column-2\">Awad<\/td><td class=\"column-3\">presentation<\/td>\n<\/tr>\n<tr class=\"row-7\">\n\t<td class=\"column-1\">Jozef<\/td><td class=\"column-2\">Bartos<\/td><td class=\"column-3\">poster<\/td>\n<\/tr>\n<tr class=\"row-8\">\n\t<td class=\"column-1\">Mateus<\/td><td class=\"column-2\">Bergami<\/td><td class=\"column-3\">none<\/td>\n<\/tr>\n<tr class=\"row-9\">\n\t<td class=\"column-1\">Leonardo<\/td><td class=\"column-2\">Bin Martins<\/td><td class=\"column-3\">none<\/td>\n<\/tr>\n<tr class=\"row-10\">\n\t<td class=\"column-1\">Igor<\/td><td class=\"column-2\">Bray<\/td><td class=\"column-3\">none<\/td>\n<\/tr>\n<tr class=\"row-11\">\n\t<td class=\"column-1\">Maik<\/td><td class=\"column-2\">Butterling<\/td><td class=\"column-3\">invited<\/td>\n<\/tr>\n<tr class=\"row-12\">\n\t<td class=\"column-1\">Naresh<\/td><td class=\"column-2\">Chejara<\/td><td class=\"column-3\">poster<\/td>\n<\/tr>\n<tr class=\"row-13\">\n\t<td class=\"column-1\">Luca<\/td><td class=\"column-2\">Chiari<\/td><td class=\"column-3\">presentation<\/td>\n<\/tr>\n<tr class=\"row-14\">\n\t<td class=\"column-1\">Katar\u00edna<\/td><td class=\"column-2\">Cifrani\u010dov\u00e1<\/td><td class=\"column-3\">none<\/td>\n<\/tr>\n<tr class=\"row-15\">\n\t<td class=\"column-1\">Jakub<\/td><td class=\"column-2\">\u010c\u00ed\u017eek<\/td><td class=\"column-3\">invited<\/td>\n<\/tr>\n<tr class=\"row-16\">\n\t<td class=\"column-1\">Giovanni<\/td><td class=\"column-2\">Consolati<\/td><td class=\"column-3\">none<\/td>\n<\/tr>\n<tr class=\"row-17\">\n\t<td class=\"column-1\">Laura<\/td><td class=\"column-2\">Damonte<\/td><td class=\"column-3\">poster<\/td>\n<\/tr>\n<tr class=\"row-18\">\n\t<td class=\"column-1\">Laura<\/td><td class=\"column-2\">Damonte<\/td><td class=\"column-3\">poster<\/td>\n<\/tr>\n<tr class=\"row-19\">\n\t<td class=\"column-1\">James<\/td><td class=\"column-2\">Danielson<\/td><td class=\"column-3\">invited<\/td>\n<\/tr>\n<tr class=\"row-20\">\n\t<td class=\"column-1\">Debarati<\/td><td class=\"column-2\">Das<\/td><td class=\"column-3\">presentation<\/td>\n<\/tr>\n<tr class=\"row-21\">\n\t<td class=\"column-1\">Adam<\/td><td class=\"column-2\">Deller<\/td><td class=\"column-3\">poster<\/td>\n<\/tr>\n<tr class=\"row-22\">\n\t<td class=\"column-1\">Jerzy<\/td><td class=\"column-2\">Dryzek<\/td><td class=\"column-3\">presentation<\/td>\n<\/tr>\n<tr class=\"row-23\">\n\t<td class=\"column-1\">Ewa<\/td><td class=\"column-2\">Dryzek<\/td><td class=\"column-3\">presentation<\/td>\n<\/tr>\n<tr class=\"row-24\">\n\t<td class=\"column-1\">Dhanadeep<\/td><td class=\"column-2\">Dutta<\/td><td class=\"column-3\">presentation<\/td>\n<\/tr>\n<tr class=\"row-25\">\n\t<td class=\"column-1\">Stephan<\/td><td class=\"column-2\">Eijt<\/td><td class=\"column-3\">presentation<\/td>\n<\/tr>\n<tr class=\"row-26\">\n\t<td class=\"column-1\">George<\/td><td class=\"column-2\">Evans<\/td><td class=\"column-3\">none<\/td>\n<\/tr>\n<tr class=\"row-27\">\n\t<td class=\"column-1\">Rafael<\/td><td class=\"column-2\">Ferragut<\/td><td class=\"column-3\">none<\/td>\n<\/tr>\n<tr class=\"row-28\">\n\t<td class=\"column-1\">Anne<\/td><td class=\"column-2\">Gaffney<\/td><td class=\"column-3\">none<\/td>\n<\/tr>\n<tr class=\"row-29\">\n\t<td class=\"column-1\">Ahmed<\/td><td class=\"column-2\">Gamal Attallah<\/td><td class=\"column-3\">presentation<\/td>\n<\/tr>\n<tr class=\"row-30\">\n\t<td class=\"column-1\">Soumen<\/td><td class=\"column-2\">Ghosh<\/td><td class=\"column-3\">poster<\/td>\n<\/tr>\n<tr class=\"row-31\">\n\t<td class=\"column-1\">Mahmoud<\/td><td class=\"column-2\">Gomaa<\/td><td class=\"column-3\">none<\/td>\n<\/tr>\n<tr class=\"row-32\">\n\t<td class=\"column-1\">Marek<\/td><td class=\"column-2\">Gorgol<\/td><td class=\"column-3\">none<\/td>\n<\/tr>\n<tr class=\"row-33\">\n\t<td class=\"column-1\">Magdalena<\/td><td class=\"column-2\">Go\u017adziuk<\/td><td class=\"column-3\">presentation<\/td>\n<\/tr>\n<tr class=\"row-34\">\n\t<td class=\"column-1\">Dermot<\/td><td class=\"column-2\">Green<\/td><td class=\"column-3\">none<\/td>\n<\/tr>\n<tr class=\"row-35\">\n\t<td class=\"column-1\">Francesco<\/td><td class=\"column-2\">Guatieri<\/td><td class=\"column-3\">presentation<\/td>\n<\/tr>\n<tr class=\"row-36\">\n\t<td class=\"column-1\">Mohamed<\/td><td class=\"column-2\">Hamdy<\/td><td class=\"column-3\">none<\/td>\n<\/tr>\n<tr class=\"row-37\">\n\t<td class=\"column-1\">Evan<\/td><td class=\"column-2\">Hansen<\/td><td class=\"column-3\">none<\/td>\n<\/tr>\n<tr class=\"row-38\">\n\t<td class=\"column-1\">Tetsuya<\/td><td class=\"column-2\">Hirade<\/td><td class=\"column-3\">presentation<\/td>\n<\/tr>\n<tr class=\"row-39\">\n\t<td class=\"column-1\">Christoph<\/td><td class=\"column-2\">Hugenschmidt<\/td><td class=\"column-3\">none<\/td>\n<\/tr>\n<tr class=\"row-40\">\n\t<td class=\"column-1\">Akira<\/td><td class=\"column-2\">Ishida<\/td><td class=\"column-3\">invited<\/td>\n<\/tr>\n<tr class=\"row-41\">\n\t<td class=\"column-1\">Chihiro<\/td><td class=\"column-2\">Ito<\/td><td class=\"column-3\">none<\/td>\n<\/tr>\n<tr class=\"row-42\">\n\t<td class=\"column-1\">Bo\u017cena<\/td><td class=\"column-2\">Jasi\u0144ska<\/td><td class=\"column-3\">presentation<\/td>\n<\/tr>\n<tr class=\"row-43\">\n\t<td class=\"column-1\">Ikuzo<\/td><td class=\"column-2\">Kanazawa<\/td><td class=\"column-3\">none<\/td>\n<\/tr>\n<tr class=\"row-44\">\n\t<td class=\"column-1\">Atsuo<\/td><td class=\"column-2\">Kawasuso<\/td><td class=\"column-3\">presentation<\/td>\n<\/tr>\n<tr class=\"row-45\">\n\t<td class=\"column-1\">Ivan<\/td><td class=\"column-2\">Klbik<\/td><td class=\"column-3\">poster<\/td>\n<\/tr>\n<tr class=\"row-46\">\n\t<td class=\"column-1\">David Pavel<\/td><td class=\"column-2\">Kr\u00e1lovi\u010d<\/td><td class=\"column-3\">poster<\/td>\n<\/tr>\n<tr class=\"row-47\">\n\t<td class=\"column-1\">Reinhard<\/td><td class=\"column-2\">Krause-Rehberg<\/td><td class=\"column-3\">opening<\/td>\n<\/tr>\n<tr class=\"row-48\">\n\t<td class=\"column-1\">Jan<\/td><td class=\"column-2\">Kuriplach<\/td><td class=\"column-3\">presentation<\/td>\n<\/tr>\n<tr class=\"row-49\">\n\t<td class=\"column-1\">Xin<\/td><td class=\"column-2\">Li<\/td><td class=\"column-3\">poster<\/td>\n<\/tr>\n<tr class=\"row-50\">\n\t<td class=\"column-1\">Laszlo<\/td><td class=\"column-2\">Liszkay<\/td><td class=\"column-3\">presentation<\/td>\n<\/tr>\n<tr class=\"row-51\">\n\t<td class=\"column-1\">Masaki<\/td><td class=\"column-2\">Maekawa<\/td><td class=\"column-3\">presentation<\/td>\n<\/tr>\n<tr class=\"row-52\">\n\t<td class=\"column-1\">Dibyendu<\/td><td class=\"column-2\">Mahato<\/td><td class=\"column-3\">poster<\/td>\n<\/tr>\n<tr class=\"row-53\">\n\t<td class=\"column-1\">Priya<\/td><td class=\"column-2\">Maheshwari<\/td><td class=\"column-3\">invited<\/td>\n<\/tr>\n<tr class=\"row-54\">\n\t<td class=\"column-1\">Zarko<\/td><td class=\"column-2\">Medic<\/td><td class=\"column-3\">none<\/td>\n<\/tr>\n<tr class=\"row-55\">\n\t<td class=\"column-1\">Kamiriki<\/td><td class=\"column-2\">Mi<\/td><td class=\"column-3\">none<\/td>\n<\/tr>\n<tr class=\"row-56\">\n\t<td class=\"column-1\">Koji<\/td><td class=\"column-2\">Michishio<\/td><td class=\"column-3\">presentation<\/td>\n<\/tr>\n<tr class=\"row-57\">\n\t<td class=\"column-1\">Riki<\/td><td class=\"column-2\">Mikami<\/td><td class=\"column-3\">poster<\/td>\n<\/tr>\n<tr class=\"row-58\">\n\t<td class=\"column-1\">Hamdy F. M.<\/td><td class=\"column-2\">Mohamed<\/td><td class=\"column-3\">presentation<\/td>\n<\/tr>\n<tr class=\"row-59\">\n\t<td class=\"column-1\">Saurabh<\/td><td class=\"column-2\">Mukherjee<\/td><td class=\"column-3\">presentation<\/td>\n<\/tr>\n<tr class=\"row-60\">\n\t<td class=\"column-1\">Yasuyuki<\/td><td class=\"column-2\">Nagashima<\/td><td class=\"column-3\">none<\/td>\n<\/tr>\n<tr class=\"row-61\">\n\t<td class=\"column-1\">Yugo<\/td><td class=\"column-2\">Nagata<\/td><td class=\"column-3\">presentation<\/td>\n<\/tr>\n<tr class=\"row-62\">\n\t<td class=\"column-1\">Wojciech<\/td><td class=\"column-2\">Nowak<\/td><td class=\"column-3\">poster<\/td>\n<\/tr>\n<tr class=\"row-63\">\n\t<td class=\"column-1\">Brian<\/td><td class=\"column-2\">O'Rourke<\/td><td class=\"column-3\">none<\/td>\n<\/tr>\n<tr class=\"row-64\">\n\t<td class=\"column-1\">Nagayasu<\/td><td class=\"column-2\">Oshima<\/td><td class=\"column-3\">presentation<\/td>\n<\/tr>\n<tr class=\"row-65\">\n\t<td class=\"column-1\">Marek<\/td><td class=\"column-2\">Pietrow<\/td><td class=\"column-3\">invited<\/td>\n<\/tr>\n<tr class=\"row-66\">\n\t<td class=\"column-1\">Pradeep<\/td><td class=\"column-2\">Pujari<\/td><td class=\"column-3\">invited<\/td>\n<\/tr>\n<tr class=\"row-67\">\n\t<td class=\"column-1\">Dusan<\/td><td class=\"column-2\">Racko<\/td><td class=\"column-3\">presentation<\/td>\n<\/tr>\n<tr class=\"row-68\">\n\t<td class=\"column-1\">Benjamin<\/td><td class=\"column-2\">Rienaecker<\/td><td class=\"column-3\">presentation<\/td>\n<\/tr>\n<tr class=\"row-69\">\n\t<td class=\"column-1\">Julie<\/td><td class=\"column-2\">S<\/td><td class=\"column-3\">presentation<\/td>\n<\/tr>\n<tr class=\"row-70\">\n\t<td class=\"column-1\">Ondrej<\/td><td class=\"column-2\">\u0160au\u0161a<\/td><td class=\"column-3\">poster<\/td>\n<\/tr>\n<tr class=\"row-71\">\n\t<td class=\"column-1\">Sandeep Kumar<\/td><td class=\"column-2\">Sharma<\/td><td class=\"column-3\">presentation<\/td>\n<\/tr>\n<tr class=\"row-72\">\n\t<td class=\"column-1\">Kengo<\/td><td class=\"column-2\">Shibuya<\/td><td class=\"column-3\">presentation<\/td>\n<\/tr>\n<tr class=\"row-73\">\n\t<td class=\"column-1\">Kenji<\/td><td class=\"column-2\">Shu<\/td><td class=\"column-3\">presentation<\/td>\n<\/tr>\n<tr class=\"row-74\">\n\t<td class=\"column-1\">Konrad<\/td><td class=\"column-2\">Skowron<\/td><td class=\"column-3\">presentation<\/td>\n<\/tr>\n<tr class=\"row-75\">\n\t<td class=\"column-1\">Tong<\/td><td class=\"column-2\">Song<\/td><td class=\"column-3\">none<\/td>\n<\/tr>\n<tr class=\"row-76\">\n\t<td class=\"column-1\">Rajesh<\/td><td class=\"column-2\">Srivastava<\/td><td class=\"column-3\">none<\/td>\n<\/tr>\n<tr class=\"row-77\">\n\t<td class=\"column-1\">Sergey<\/td><td class=\"column-2\">Stepanov<\/td><td class=\"column-3\">invited<\/td>\n<\/tr>\n<tr class=\"row-78\">\n\t<td class=\"column-1\">Paul<\/td><td class=\"column-2\">Stonaha<\/td><td class=\"column-3\">poster<\/td>\n<\/tr>\n<tr class=\"row-79\">\n\t<td class=\"column-1\">Kathi<\/td><td class=\"column-2\">Sudarshan<\/td><td class=\"column-3\">none<\/td>\n<\/tr>\n<tr class=\"row-80\">\n\t<td class=\"column-1\">Clifford<\/td><td class=\"column-2\">Surko<\/td><td class=\"column-3\">none<\/td>\n<\/tr>\n<tr class=\"row-81\">\n\t<td class=\"column-1\">Helena<\/td><td class=\"column-2\">\u0160vajdlenkov\u00e1<\/td><td class=\"column-3\">none<\/td>\n<\/tr>\n<tr class=\"row-82\">\n\t<td class=\"column-1\">Yohei<\/td><td class=\"column-2\">Tajima<\/td><td class=\"column-3\">presentation<\/td>\n<\/tr>\n<tr class=\"row-83\">\n\t<td class=\"column-1\">Keishi<\/td><td class=\"column-2\">Takeuchi<\/td><td class=\"column-3\">none<\/td>\n<\/tr>\n<tr class=\"row-84\">\n\t<td class=\"column-1\">Muthulakshmi<\/td><td class=\"column-2\">Thangswamy<\/td><td class=\"column-3\">none<\/td>\n<\/tr>\n<tr class=\"row-85\">\n\t<td class=\"column-1\">Nicolas<\/td><td class=\"column-2\">Thomae<\/td><td class=\"column-3\">presentation<\/td>\n<\/tr>\n<tr class=\"row-86\">\n\t<td class=\"column-1\">Valerio<\/td><td class=\"column-2\">Toso<\/td><td class=\"column-3\">none<\/td>\n<\/tr>\n<tr class=\"row-87\">\n\t<td class=\"column-1\">Ryosuke<\/td><td class=\"column-2\">Uozumi<\/td><td class=\"column-3\">presentation<\/td>\n<\/tr>\n<tr class=\"row-88\">\n\t<td class=\"column-1\">Jagoda<\/td><td class=\"column-2\">Urban-Klaehn<\/td><td class=\"column-3\">presentation<\/td>\n<\/tr>\n<tr class=\"row-89\">\n\t<td class=\"column-1\">Jagoda<\/td><td class=\"column-2\">Urban-Klaehn<\/td><td class=\"column-3\">poster<\/td>\n<\/tr>\n<tr class=\"row-90\">\n\t<td class=\"column-1\">Pranav<\/td><td class=\"column-2\">Utpalla<\/td><td class=\"column-3\">presentation<\/td>\n<\/tr>\n<tr class=\"row-91\">\n\t<td class=\"column-1\">YK<\/td><td class=\"column-2\">Vijay<\/td><td class=\"column-3\">none<\/td>\n<\/tr>\n<tr class=\"row-92\">\n\t<td class=\"column-1\">Jens<\/td><td class=\"column-2\">von der Linden<\/td><td class=\"column-3\">none<\/td>\n<\/tr>\n<tr class=\"row-93\">\n\t<td class=\"column-1\">Andreas<\/td><td class=\"column-2\">Wagner<\/td><td class=\"column-3\">none<\/td>\n<\/tr>\n<tr class=\"row-94\">\n\t<td class=\"column-1\">Ziying<\/td><td class=\"column-2\">Wu<\/td><td class=\"column-3\">presentation<\/td>\n<\/tr>\n<tr class=\"row-95\">\n\t<td class=\"column-1\">Runsheng<\/td><td class=\"column-2\">Yu<\/td><td class=\"column-3\">poster<\/td>\n<\/tr>\n<tr class=\"row-96\">\n\t<td class=\"column-1\">Radek<\/td><td class=\"column-2\">Zaleski<\/td><td class=\"column-3\">none<\/td>\n<\/tr>\n<tr class=\"row-97\">\n\t<td class=\"column-1\">Bo\u017cena<\/td><td class=\"column-2\">Zgardzi\u0144ska<\/td><td class=\"column-3\">presentation<\/td>\n<\/tr>\n<\/tbody>\n<\/table>\n<!-- #tablepress-5 from cache -->\n","protected":false},"excerpt":{"rendered":"","protected":false},"author":1,"featured_media":0,"parent":0,"menu_order":0,"comment_status":"closed","ping_status":"closed","template":"","meta":{"neve_meta_sidebar":"full-width","neve_meta_container":"","neve_meta_enable_content_width":"on","neve_meta_content_width":100,"neve_meta_title_alignment":"","neve_meta_author_avatar":"","neve_post_elements_order":"","neve_meta_disable_header":"","neve_meta_disable_footer":"","neve_meta_disable_title":"","footnotes":""},"class_list":["post-1004","page","type-page","status-publish","hentry"],"_links":{"self":[{"href":"https:\/\/ppc12.5.umcs.pl\/index.php?rest_route=\/wp\/v2\/pages\/1004","targetHints":{"allow":["GET"]}}],"collection":[{"href":"https:\/\/ppc12.5.umcs.pl\/index.php?rest_route=\/wp\/v2\/pages"}],"about":[{"href":"https:\/\/ppc12.5.umcs.pl\/index.php?rest_route=\/wp\/v2\/types\/page"}],"author":[{"embeddable":true,"href":"https:\/\/ppc12.5.umcs.pl\/index.php?rest_route=\/wp\/v2\/users\/1"}],"replies":[{"embeddable":true,"href":"https:\/\/ppc12.5.umcs.pl\/index.php?rest_route=%2Fwp%2Fv2%2Fcomments&post=1004"}],"version-history":[{"count":1,"href":"https:\/\/ppc12.5.umcs.pl\/index.php?rest_route=\/wp\/v2\/pages\/1004\/revisions"}],"predecessor-version":[{"id":1005,"href":"https:\/\/ppc12.5.umcs.pl\/index.php?rest_route=\/wp\/v2\/pages\/1004\/revisions\/1005"}],"wp:attachment":[{"href":"https:\/\/ppc12.5.umcs.pl\/index.php?rest_route=%2Fwp%2Fv2%2Fmedia&parent=1004"}],"curies":[{"name":"wp","href":"https:\/\/api.w.org\/{rel}","templated":true}]}}